{"id":805,"date":"2025-09-03T16:14:33","date_gmt":"2025-09-03T16:14:33","guid":{"rendered":"https:\/\/www.controlmastersas.com\/?page_id=805"},"modified":"2025-09-11T16:38:21","modified_gmt":"2025-09-11T16:38:21","slug":"productos-y-servicios","status":"publish","type":"page","link":"https:\/\/www.controlmastersas.com\/?page_id=805","title":{"rendered":"PRODUCTOS Y SERVICIOS"},"content":{"rendered":"\t\t<div data-elementor-type=\"wp-page\" data-elementor-id=\"805\" class=\"elementor elementor-805\" data-elementor-post-type=\"page\">\n\t\t\t\t<div class=\"elementor-element elementor-element-65f7119 e-flex e-con-boxed e-con e-parent\" data-id=\"65f7119\" data-element_type=\"container\">\n\t\t\t\t\t<div class=\"e-con-inner\">\n\t\t\t\t\t<\/div>\n\t\t\t\t<\/div>\n\t\t<div class=\"elementor-element elementor-element-608f6a9 e-flex e-con-boxed e-con e-parent\" data-id=\"608f6a9\" data-element_type=\"container\">\n\t\t\t\t\t<div class=\"e-con-inner\">\n\t\t\t\t<div class=\"elementor-element elementor-element-e1c3127 elementor-widget elementor-widget-spacer\" data-id=\"e1c3127\" data-element_type=\"widget\" data-widget_type=\"spacer.default\">\n\t\t\t\t<div class=\"elementor-widget-container\">\n\t\t\t\t\t\t\t<div class=\"elementor-spacer\">\n\t\t\t<div class=\"elementor-spacer-inner\"><\/div>\n\t\t<\/div>\n\t\t\t\t\t\t<\/div>\n\t\t\t\t<\/div>\n\t\t\t\t\t<\/div>\n\t\t\t\t<\/div>\n\t\t<div class=\"elementor-element elementor-element-62d5abb e-flex e-con-boxed e-con e-parent\" data-id=\"62d5abb\" data-element_type=\"container\" data-settings=\"{&quot;background_background&quot;:&quot;classic&quot;}\">\n\t\t\t\t\t<div class=\"e-con-inner\">\n\t\t\t\t\t<\/div>\n\t\t\t\t<\/div>\n\t\t<div class=\"elementor-element elementor-element-305d735 e-flex e-con-boxed e-con e-parent\" data-id=\"305d735\" data-element_type=\"container\">\n\t\t\t\t\t<div class=\"e-con-inner\">\n\t\t\t\t<div class=\"elementor-element elementor-element-0bd17c8 elementor-widget elementor-widget-spacer\" data-id=\"0bd17c8\" data-element_type=\"widget\" data-widget_type=\"spacer.default\">\n\t\t\t\t<div class=\"elementor-widget-container\">\n\t\t\t\t\t\t\t<div class=\"elementor-spacer\">\n\t\t\t<div class=\"elementor-spacer-inner\"><\/div>\n\t\t<\/div>\n\t\t\t\t\t\t<\/div>\n\t\t\t\t<\/div>\n\t\t\t\t\t<\/div>\n\t\t\t\t<\/div>\n\t\t<div class=\"elementor-element elementor-element-03ac5d4 e-flex e-con-boxed e-con e-parent\" data-id=\"03ac5d4\" data-element_type=\"container\">\n\t\t\t\t\t<div class=\"e-con-inner\">\n\t\t\t\t<div class=\"elementor-element elementor-element-dec2888 premium-header-inline premium-lq__none premium-box-lq__none elementor-widget elementor-widget-premium-addon-dual-header\" data-id=\"dec2888\" data-element_type=\"widget\" data-widget_type=\"premium-addon-dual-header.default\">\n\t\t\t\t<div class=\"elementor-widget-container\">\n\t\t\t\t\t\r\n\t\t\t\t\t<h2 class=\"premium-dual-header-first-header \"><span class=\"premium-dual-header-first-span\">PRODUCTOS <\/span><span class=\"premium-dual-header-second-header \">Y SERVICIOS<\/span><\/h2> \t\t\r\n\t\t\t\t\t\t<\/div>\n\t\t\t\t<\/div>\n\t\t\t\t<div class=\"elementor-element elementor-element-5349890 elementor-widget elementor-widget-spacer\" data-id=\"5349890\" data-element_type=\"widget\" data-widget_type=\"spacer.default\">\n\t\t\t\t<div class=\"elementor-widget-container\">\n\t\t\t\t\t\t\t<div class=\"elementor-spacer\">\n\t\t\t<div class=\"elementor-spacer-inner\"><\/div>\n\t\t<\/div>\n\t\t\t\t\t\t<\/div>\n\t\t\t\t<\/div>\n\t\t\t\t\t<\/div>\n\t\t\t\t<\/div>\n\t\t<div class=\"elementor-element elementor-element-9534508 e-flex e-con-boxed e-con e-parent\" data-id=\"9534508\" data-element_type=\"container\">\n\t\t\t\t\t<div class=\"e-con-inner\">\n\t\t\t\t<div class=\"elementor-element elementor-element-b50e80e elementor-widget elementor-widget-text-editor\" data-id=\"b50e80e\" data-element_type=\"widget\" data-widget_type=\"text-editor.default\">\n\t\t\t\t<div class=\"elementor-widget-container\">\n\t\t\t\t\t\t\t\t\t<p style=\"text-align: center;\"><strong>\u2022 Mantenimiento Puertas Autom\u00e1ticas<\/strong> \u2022 Puertas Industriales <strong>\u2022 Puertas Cortafuego \u2022<\/strong> Barreras Veh\u00edculares <strong>\u2022 Torniquetes<\/strong> \u2022 Controles de Acceso \u2022 <strong>Accesorios de Seguridad<\/strong><\/p><div id=\"ag-popper-container-1757598815655\" class=\"ag-translate-popper-host\">\u00a0<\/div><p><script src=\"chrome-extension:\/\/bincmiainjofjnhchmcalkanjebghoen\/aiscripts\/script-main.js\"><\/script><\/p><div id=\"ag-popper-container-1757598911331\" class=\"ag-translate-popper-host\">\u00a0<\/div><p><script src=\"chrome-extension:\/\/bincmiainjofjnhchmcalkanjebghoen\/aiscripts\/script-main.js\"><\/script><\/p><div id=\"ag-popper-container-1757598961672\" class=\"ag-translate-popper-host\">\u00a0<\/div><p><script src=\"chrome-extension:\/\/bincmiainjofjnhchmcalkanjebghoen\/aiscripts\/script-main.js\"><\/script><\/p><div id=\"ag-popper-container-1757599131917\" class=\"ag-translate-popper-host\">\u00a0<\/div><script src=\"chrome-extension:\/\/bincmiainjofjnhchmcalkanjebghoen\/aiscripts\/script-main.js\"><\/script>\t\t\t\t\t\t\t\t<\/div>\n\t\t\t\t<\/div>\n\t\t\t\t\t<\/div>\n\t\t\t\t<\/div>\n\t\t<div class=\"elementor-element elementor-element-b303451 e-flex e-con-boxed e-con e-parent\" data-id=\"b303451\" data-element_type=\"container\" data-settings=\"{&quot;background_background&quot;:&quot;classic&quot;}\">\n\t\t\t\t\t<div class=\"e-con-inner\">\n\t\t\t\t\t<\/div>\n\t\t\t\t<\/div>\n\t\t<div class=\"elementor-element elementor-element-9a5a4ee e-flex e-con-boxed e-con e-parent\" data-id=\"9a5a4ee\" data-element_type=\"container\">\n\t\t\t\t\t<div class=\"e-con-inner\">\n\t\t\t\t<div class=\"elementor-element elementor-element-30bec64 elementor-widget elementor-widget-spacer\" data-id=\"30bec64\" data-element_type=\"widget\" data-widget_type=\"spacer.default\">\n\t\t\t\t<div class=\"elementor-widget-container\">\n\t\t\t\t\t\t\t<div class=\"elementor-spacer\">\n\t\t\t<div class=\"elementor-spacer-inner\"><\/div>\n\t\t<\/div>\n\t\t\t\t\t\t<\/div>\n\t\t\t\t<\/div>\n\t\t\t\t\t<\/div>\n\t\t\t\t<\/div>\n\t\t<div class=\"elementor-element elementor-element-9870dba e-con-full e-flex e-con e-parent\" data-id=\"9870dba\" data-element_type=\"container\">\n\t\t<div class=\"elementor-element elementor-element-1b79324 e-con-full e-flex e-con e-child\" data-id=\"1b79324\" data-element_type=\"container\">\n\t\t<div class=\"elementor-element elementor-element-6e463ba e-con-full e-flex e-con e-child\" data-id=\"6e463ba\" data-element_type=\"container\">\n\t\t<div class=\"elementor-element elementor-element-a4424fa e-con-full e-flex e-con e-child\" data-id=\"a4424fa\" data-element_type=\"container\">\n\t\t<div class=\"elementor-element elementor-element-81b8ce9 e-con-full e-flex e-con e-child\" data-id=\"81b8ce9\" data-element_type=\"container\" data-settings=\"{&quot;background_background&quot;:&quot;classic&quot;}\">\n\t\t\t\t<\/div>\n\t\t\t\t<\/div>\n\t\t\t\t<\/div>\n\t\t\t\t<\/div>\n\t\t\t\t<\/div>\n\t\t<div class=\"elementor-element elementor-element-90f318a e-flex e-con-boxed e-con e-parent\" data-id=\"90f318a\" data-element_type=\"container\">\n\t\t\t\t\t<div class=\"e-con-inner\">\n\t\t\t\t<div class=\"elementor-element elementor-element-da8d6a1 elementor-widget elementor-widget-spacer\" data-id=\"da8d6a1\" data-element_type=\"widget\" data-widget_type=\"spacer.default\">\n\t\t\t\t<div class=\"elementor-widget-container\">\n\t\t\t\t\t\t\t<div class=\"elementor-spacer\">\n\t\t\t<div class=\"elementor-spacer-inner\"><\/div>\n\t\t<\/div>\n\t\t\t\t\t\t<\/div>\n\t\t\t\t<\/div>\n\t\t\t\t\t<\/div>\n\t\t\t\t<\/div>\n\t\t<div class=\"elementor-element elementor-element-9b4b64f e-flex e-con-boxed e-con e-parent\" data-id=\"9b4b64f\" data-element_type=\"container\">\n\t\t\t\t\t<div class=\"e-con-inner\">\n\t\t\t\t<div class=\"elementor-element elementor-element-1c545c2 premium-header-inline premium-lq__none premium-box-lq__none elementor-widget elementor-widget-premium-addon-dual-header\" data-id=\"1c545c2\" data-element_type=\"widget\" data-widget_type=\"premium-addon-dual-header.default\">\n\t\t\t\t<div class=\"elementor-widget-container\">\n\t\t\t\t\t\r\n\t\t\t\t\t<h2 class=\"premium-dual-header-first-header \"><span class=\"premium-dual-header-first-span\">MANTENIMIENTO <\/span><\/h2> \t\t\r\n\t\t\t\t\t\t<\/div>\n\t\t\t\t<\/div>\n\t\t\t\t\t<\/div>\n\t\t\t\t<\/div>\n\t\t<div class=\"elementor-element elementor-element-3e2bcec e-flex e-con-boxed e-con e-parent\" data-id=\"3e2bcec\" data-element_type=\"container\">\n\t\t\t\t\t<div class=\"e-con-inner\">\n\t\t\t\t<div class=\"elementor-element elementor-element-2fb84e6 elementor-widget elementor-widget-spacer\" data-id=\"2fb84e6\" data-element_type=\"widget\" data-widget_type=\"spacer.default\">\n\t\t\t\t<div class=\"elementor-widget-container\">\n\t\t\t\t\t\t\t<div class=\"elementor-spacer\">\n\t\t\t<div class=\"elementor-spacer-inner\"><\/div>\n\t\t<\/div>\n\t\t\t\t\t\t<\/div>\n\t\t\t\t<\/div>\n\t\t\t\t\t<\/div>\n\t\t\t\t<\/div>\n\t\t<div class=\"elementor-element elementor-element-2179582 e-flex e-con-boxed e-con e-parent\" data-id=\"2179582\" data-element_type=\"container\">\n\t\t\t\t\t<div class=\"e-con-inner\">\n\t\t<div class=\"elementor-element elementor-element-71eee14 e-con-full e-flex e-con e-child\" data-id=\"71eee14\" data-element_type=\"container\">\n\t\t\t\t<div class=\"elementor-element elementor-element-37faeda elementor-widget elementor-widget-text-editor\" data-id=\"37faeda\" data-element_type=\"widget\" data-widget_type=\"text-editor.default\">\n\t\t\t\t<div class=\"elementor-widget-container\">\n\t\t\t\t\t\t\t\t\t<p><strong>En Control Master ofrecemos un servicio integral de mantenimiento preventivo y correctivo<\/strong>, dise\u00f1ado para prolongar la vida \u00fatil de sus puertas autom\u00e1ticas, evitar fallas inesperadas y asegurar un rendimiento \u00f3ptimo en todo momento. Nuestro equipo t\u00e9cnico especializado diagnostica, ajusta y reemplaza piezas cuando es necesario, utilizando insumos de alta calidad y procedimientos certificados. De esta manera, no solo prevenimos inconvenientes y costosos tiempos de inactividad, sino que tambi\u00e9n garantizamos la seguridad, eficiencia y fiabilidad que su empresa o residencia necesita. Conf\u00ede en nosotros para que sus puertas autom\u00e1ticas funcionen como el primer d\u00eda.<\/p><p><script src=\"chrome-extension:\/\/bincmiainjofjnhchmcalkanjebghoen\/aiscripts\/script-main.js\"><\/script><\/p><p>\u00a0<\/p><div id=\"ag-popper-container-1757601042138\" class=\"ag-translate-popper-host\">\u00a0<\/div><p><script src=\"chrome-extension:\/\/bincmiainjofjnhchmcalkanjebghoen\/aiscripts\/script-main.js\"><\/script><\/p>\t\t\t\t\t\t\t\t<\/div>\n\t\t\t\t<\/div>\n\t\t\t\t<\/div>\n\t\t\t\t\t<\/div>\n\t\t\t\t<\/div>\n\t\t<div class=\"elementor-element elementor-element-ccb032e e-flex e-con-boxed e-con e-parent\" data-id=\"ccb032e\" data-element_type=\"container\" data-settings=\"{&quot;background_background&quot;:&quot;classic&quot;}\">\n\t\t\t\t\t<div class=\"e-con-inner\">\n\t\t<div class=\"elementor-element elementor-element-e88c437 e-grid e-con-full e-con e-child\" data-id=\"e88c437\" data-element_type=\"container\">\n\t\t\t\t<div class=\"elementor-element elementor-element-bb93c18 elementor-widget elementor-widget-text-editor\" data-id=\"bb93c18\" data-element_type=\"widget\" data-widget_type=\"text-editor.default\">\n\t\t\t\t<div class=\"elementor-widget-container\">\n\t\t\t\t\t\t\t\t\t<p>\u00a0 \u00a0 \u00a0<\/p><p>\u00a0<\/p><p><strong>\u00a0 \u00a0 \u00a0Mantenimiento preventivo<\/strong>\u00a0<\/p><ul><li style=\"text-align: left;\">Revisi\u00f3n de rodamientos.\u00a0<\/li><li style=\"text-align: left;\">Revisi\u00f3n y limpieza de piezas electr\u00f3nicas.\u00a0<\/li><li style=\"text-align: left;\">Limpieza de riel, correa y herrajes.\u00a0<\/li><li style=\"text-align: left;\">Calibraci\u00f3n y ajuste de velocidades.<\/li><\/ul><div id=\"ag-popper-container-1757600192395\" class=\"ag-translate-popper-host\">\u00a0<\/div><p>\u00a0<\/p><div id=\"ag-popper-container-1757600671793\" class=\"ag-translate-popper-host\">\u00a0<\/div><p><script src=\"chrome-extension:\/\/bincmiainjofjnhchmcalkanjebghoen\/aiscripts\/script-main.js\"><\/script><\/p>\t\t\t\t\t\t\t\t<\/div>\n\t\t\t\t<\/div>\n\t\t\t\t<div class=\"elementor-element elementor-element-398e147 elementor-widget elementor-widget-image\" data-id=\"398e147\" data-element_type=\"widget\" data-widget_type=\"image.default\">\n\t\t\t\t<div class=\"elementor-widget-container\">\n\t\t\t\t\t\t\t\t\t\t\t\t\t\t\t<img fetchpriority=\"high\" decoding=\"async\" width=\"800\" height=\"534\" src=\"https:\/\/www.controlmastersas.com\/wp-content\/uploads\/2025\/09\/worker-fixing-industrial-machinery-1024x683.jpg\" class=\"attachment-large size-large wp-image-1108\" alt=\"worker fixing an industrial machinery\" srcset=\"https:\/\/www.controlmastersas.com\/wp-content\/uploads\/2025\/09\/worker-fixing-industrial-machinery-1024x683.jpg 1024w, https:\/\/www.controlmastersas.com\/wp-content\/uploads\/2025\/09\/worker-fixing-industrial-machinery-300x200.jpg 300w, https:\/\/www.controlmastersas.com\/wp-content\/uploads\/2025\/09\/worker-fixing-industrial-machinery-768x513.jpg 768w, https:\/\/www.controlmastersas.com\/wp-content\/uploads\/2025\/09\/worker-fixing-industrial-machinery-1536x1025.jpg 1536w, https:\/\/www.controlmastersas.com\/wp-content\/uploads\/2025\/09\/worker-fixing-industrial-machinery-2048x1367.jpg 2048w\" sizes=\"(max-width: 800px) 100vw, 800px\" \/>\t\t\t\t\t\t\t\t\t\t\t\t\t\t\t<\/div>\n\t\t\t\t<\/div>\n\t\t\t\t<\/div>\n\t\t\t\t\t<\/div>\n\t\t\t\t<\/div>\n\t\t<div class=\"elementor-element elementor-element-680d994 e-flex e-con-boxed e-con e-parent\" data-id=\"680d994\" data-element_type=\"container\" data-settings=\"{&quot;background_background&quot;:&quot;classic&quot;}\">\n\t\t\t\t\t<div class=\"e-con-inner\">\n\t\t<div class=\"elementor-element elementor-element-8a1c1fe e-grid e-con-full e-con e-child\" data-id=\"8a1c1fe\" data-element_type=\"container\">\n\t\t\t\t<div class=\"elementor-element elementor-element-f26ec82 elementor-widget elementor-widget-text-editor\" data-id=\"f26ec82\" data-element_type=\"widget\" data-widget_type=\"text-editor.default\">\n\t\t\t\t<div class=\"elementor-widget-container\">\n\t\t\t\t\t\t\t\t\t<p>\u00a0 \u00a0 \u00a0<\/p><p><strong>\u00a0 \u00a0 \u00a0Mantenimiento correctivo<\/strong>\u00a0<\/p><ul><li style=\"text-align: left;\">Revisi\u00f3n y cambio de rodamientos.<\/li><li style=\"text-align: left;\">Revisi\u00f3n y limpieza y reparaci\u00f3n de piezas electr\u00f3nicas.<\/li><li style=\"text-align: left;\">Limpieza de riel, correa, herrajes y cambio si lo requiere.<\/li><li style=\"text-align: left;\">Calibraci\u00f3n y ajuste de velocidades.<\/li><\/ul><div id=\"ag-popper-container-1757600192395\" class=\"ag-translate-popper-host\">\u00a0<\/div><div id=\"ag-popper-container-1757600671793\" class=\"ag-translate-popper-host\">\u00a0<\/div><p><script src=\"chrome-extension:\/\/bincmiainjofjnhchmcalkanjebghoen\/aiscripts\/script-main.js\"><\/script><\/p><div id=\"ag-popper-container-1757600888260\" class=\"ag-translate-popper-host\">\u00a0<\/div><p><script src=\"chrome-extension:\/\/bincmiainjofjnhchmcalkanjebghoen\/aiscripts\/script-main.js\"><\/script><\/p>\t\t\t\t\t\t\t\t<\/div>\n\t\t\t\t<\/div>\n\t\t\t\t<div class=\"elementor-element elementor-element-ff36110 elementor-widget elementor-widget-image\" data-id=\"ff36110\" data-element_type=\"widget\" data-widget_type=\"image.default\">\n\t\t\t\t<div class=\"elementor-widget-container\">\n\t\t\t\t\t\t\t\t\t\t\t\t\t\t\t<img decoding=\"async\" width=\"800\" height=\"534\" src=\"https:\/\/www.controlmastersas.com\/wp-content\/uploads\/2025\/09\/lifting-gates-garage-1024x683.jpg\" class=\"attachment-large size-large wp-image-1109\" alt=\"lifting gates of the garage.\" srcset=\"https:\/\/www.controlmastersas.com\/wp-content\/uploads\/2025\/09\/lifting-gates-garage-1024x683.jpg 1024w, https:\/\/www.controlmastersas.com\/wp-content\/uploads\/2025\/09\/lifting-gates-garage-300x200.jpg 300w, https:\/\/www.controlmastersas.com\/wp-content\/uploads\/2025\/09\/lifting-gates-garage-768x512.jpg 768w, https:\/\/www.controlmastersas.com\/wp-content\/uploads\/2025\/09\/lifting-gates-garage-1536x1024.jpg 1536w, https:\/\/www.controlmastersas.com\/wp-content\/uploads\/2025\/09\/lifting-gates-garage-2048x1366.jpg 2048w\" sizes=\"(max-width: 800px) 100vw, 800px\" \/>\t\t\t\t\t\t\t\t\t\t\t\t\t\t\t<\/div>\n\t\t\t\t<\/div>\n\t\t\t\t<\/div>\n\t\t\t\t\t<\/div>\n\t\t\t\t<\/div>\n\t\t<div class=\"elementor-element elementor-element-f630e89 e-flex e-con-boxed e-con e-parent\" data-id=\"f630e89\" data-element_type=\"container\">\n\t\t\t\t\t<div class=\"e-con-inner\">\n\t\t\t\t<div class=\"elementor-element elementor-element-eb5dcc5 elementor-widget elementor-widget-spacer\" data-id=\"eb5dcc5\" data-element_type=\"widget\" data-widget_type=\"spacer.default\">\n\t\t\t\t<div class=\"elementor-widget-container\">\n\t\t\t\t\t\t\t<div class=\"elementor-spacer\">\n\t\t\t<div class=\"elementor-spacer-inner\"><\/div>\n\t\t<\/div>\n\t\t\t\t\t\t<\/div>\n\t\t\t\t<\/div>\n\t\t\t\t\t<\/div>\n\t\t\t\t<\/div>\n\t\t<div class=\"elementor-element elementor-element-1e9d373 e-flex e-con-boxed e-con e-parent\" data-id=\"1e9d373\" data-element_type=\"container\">\n\t\t\t\t\t<div class=\"e-con-inner\">\n\t\t<div class=\"elementor-element elementor-element-7821377 e-con-full e-flex e-con e-child\" data-id=\"7821377\" data-element_type=\"container\">\n\t\t\t\t<div class=\"elementor-element elementor-element-60a8398 premium-header-inline premium-lq__none premium-box-lq__none elementor-widget elementor-widget-premium-addon-dual-header\" data-id=\"60a8398\" data-element_type=\"widget\" data-widget_type=\"premium-addon-dual-header.default\">\n\t\t\t\t<div class=\"elementor-widget-container\">\n\t\t\t\t\t\r\n\t\t\t\t\t<h2 class=\"premium-dual-header-first-header \"><span class=\"premium-dual-header-first-span\">BROCHURE <\/span><span class=\"premium-dual-header-second-header \">PORTAFOLIO 2025<\/span><\/h2> \t\t\r\n\t\t\t\t\t\t<\/div>\n\t\t\t\t<\/div>\n\t\t\t\t<\/div>\n\t\t\t\t\t<\/div>\n\t\t\t\t<\/div>\n\t\t<div class=\"elementor-element elementor-element-7c7579e e-flex e-con-boxed e-con e-parent\" data-id=\"7c7579e\" data-element_type=\"container\">\n\t\t\t\t\t<div class=\"e-con-inner\">\n\t\t\t\t<div class=\"elementor-element elementor-element-cb54596 elementor-widget elementor-widget-embedpress_pdf\" data-id=\"cb54596\" data-element_type=\"widget\" data-widget_type=\"embedpress_pdf.default\">\n\t\t\t\t<div class=\"elementor-widget-container\">\n\t\t\t\t\t    <div class=\"embedpress-document-embed ep-doc-9ecd4888e429c70f8e929281f5de573b ose-document emebedpress-unit-percent \" data-thememode=\"default\" data-customcolor=\"\" data-toolbar=\"yes\" data-toolbar-position=\"top\" data-open=\"no\" data-presentation-mode=\"\" data-download=\"yes\" data-copy=\"yes\" data-add-image=\"yes\" data-rotate=\"yes\" data-details=\"yes\" data-id=\"embedpress-pdf-cb54596\" data-selection-tool=\"0\" data-scrolling=\"0\" data-spreads=\"-1\" style=\" max-width:100%; display: inline-block\">\n        \n        \n                <div >\n                \n                    <div id=\"ep-elementor-content-cb54596\" class=\"ep-elementor-content   ep-percentage-width   ep-content-protection-disabled\">\n                        <div id=\"cb54596\" class=\"ep-embed-content-wraper\">\n                            <div><iframe title=\"Brochure 2024 Control Master WEB\" class=\"embedpress-embed-document-pdf embedpress-pdf-cb54596\" style=\"width: 100%!important;height: 579px;; max-width:100%; display: inline-block\" src=\"https:\/\/www.controlmastersas.com\/wp-content\/plugins\/embedpress\/assets\/pdf-flip-book\/viewer.html?file=https%3A%2F%2Fwww.controlmastersas.com%2Fwp-content%2Fuploads%2F2025%2F09%2FBrochure-2024-Control-Master-WEB.pdf&#038;key=dGhlbWVNb2RlPWRlZmF1bHQmdG9vbGJhcj10cnVlJnBvc2l0aW9uPXRvcCZwcmVzZW50YXRpb249ZmFsc2UmbGF6eUxvYWQ9ZmFsc2UmZG93bmxvYWQ9dHJ1ZSZjb3B5X3RleHQ9dHJ1ZSZhZGRfdGV4dD10cnVlJmRyYXc9dHJ1ZSZhZGRfaW1hZ2U9dHJ1ZSZwZGZfcm90YXRpb249dHJ1ZSZwZGZfZGV0YWlscz10cnVlJnpvb21faW49ZmFsc2Umem9vbV9vdXQ9ZmFsc2UmZml0X3ZpZXc9ZmFsc2UmYm9va21hcms9ZmFsc2Umc291bmQ9ZmFsc2UmZmxpcGJvb2tfdG9vbGJhcl9wb3NpdGlvbj1ib3R0b20mc2VsZWN0aW9uX3Rvb2w9MCZzY3JvbGxpbmc9MCZzcHJlYWRzPS0xJmlzX3Byb19hY3RpdmU9MA==\" class=\"embedpress-embed-document-pdf embedpress-pdf-cb54596\" data-emid=\"embedpress-pdf-cb54596\" frameborder=\"0\"><\/iframe><\/div>                        <\/div> \n\n                    <\/div>\n        \n\n                   \n                <\/div>\n            \n    <\/div>\n\n\t\t\t\t<\/div>\n\t\t\t\t<\/div>\n\t\t\t\t\t<\/div>\n\t\t\t\t<\/div>\n\t\t<div class=\"elementor-element elementor-element-4a0e31f e-flex e-con-boxed e-con e-parent\" data-id=\"4a0e31f\" data-element_type=\"container\">\n\t\t\t\t\t<div class=\"e-con-inner\">\n\t\t\t\t<div class=\"elementor-element elementor-element-6ac3bc9 elementor-widget elementor-widget-spacer\" data-id=\"6ac3bc9\" data-element_type=\"widget\" data-widget_type=\"spacer.default\">\n\t\t\t\t<div class=\"elementor-widget-container\">\n\t\t\t\t\t\t\t<div class=\"elementor-spacer\">\n\t\t\t<div class=\"elementor-spacer-inner\"><\/div>\n\t\t<\/div>\n\t\t\t\t\t\t<\/div>\n\t\t\t\t<\/div>\n\t\t\t\t\t<\/div>\n\t\t\t\t<\/div>\n\t\t\t\t<\/div>\n\t\t","protected":false},"excerpt":{"rendered":"<p>PRODUCTOS Y SERVICIOS \u2022 Mantenimiento Puertas Autom\u00e1ticas \u2022 Puertas Industriales \u2022 Puertas Cortafuego \u2022 Barreras Veh\u00edculares \u2022 Torniquetes \u2022 Controles de Acceso \u2022 Accesorios de Seguridad \u00a0 \u00a0 \u00a0 \u00a0 MANTENIMIENTO En Control Master ofrecemos un servicio integral de mantenimiento preventivo y correctivo, dise\u00f1ado para prolongar la vida \u00fatil de sus puertas autom\u00e1ticas, evitar fallas [&hellip;]<\/p>\n","protected":false},"author":1,"featured_media":0,"parent":0,"menu_order":0,"comment_status":"closed","ping_status":"closed","template":"","meta":{"footnotes":""},"class_list":["post-805","page","type-page","status-publish","hentry"],"_links":{"self":[{"href":"https:\/\/www.controlmastersas.com\/index.php?rest_route=\/wp\/v2\/pages\/805","targetHints":{"allow":["GET"]}}],"collection":[{"href":"https:\/\/www.controlmastersas.com\/index.php?rest_route=\/wp\/v2\/pages"}],"about":[{"href":"https:\/\/www.controlmastersas.com\/index.php?rest_route=\/wp\/v2\/types\/page"}],"author":[{"embeddable":true,"href":"https:\/\/www.controlmastersas.com\/index.php?rest_route=\/wp\/v2\/users\/1"}],"replies":[{"embeddable":true,"href":"https:\/\/www.controlmastersas.com\/index.php?rest_route=%2Fwp%2Fv2%2Fcomments&post=805"}],"version-history":[{"count":10,"href":"https:\/\/www.controlmastersas.com\/index.php?rest_route=\/wp\/v2\/pages\/805\/revisions"}],"predecessor-version":[{"id":1120,"href":"https:\/\/www.controlmastersas.com\/index.php?rest_route=\/wp\/v2\/pages\/805\/revisions\/1120"}],"wp:attachment":[{"href":"https:\/\/www.controlmastersas.com\/index.php?rest_route=%2Fwp%2Fv2%2Fmedia&parent=805"}],"curies":[{"name":"wp","href":"https:\/\/api.w.org\/{rel}","templated":true}]}}